{"id":38902,"date":"2015-01-06T12:02:33","date_gmt":"2015-01-06T12:02:33","guid":{"rendered":"https:\/\/www.cozy-stay.com\/contact-us\/"},"modified":"2015-01-06T12:02:33","modified_gmt":"2015-01-06T12:02:33","slug":"contact-us","status":"publish","type":"page","link":"https:\/\/www.cozy-stay.com\/en\/contact-us\/","title":{"rendered":"Contact"},"content":{"rendered":"<p>[:fr]<div class=\"gglcptch gglcptch_invisible\"><div class=\"google-captcha-notice\">This site is protected by reCAPTCHA and the Google <a href=\"https:\/\/policies.google.com\/privacy\" target=\"_blank\">Privacy Policy<\/a> and <a href=\"https:\/\/policies.google.com\/terms\" target=\"_blank\">Terms of Service<\/a> apply.<\/div><div id=\"gglcptch_recaptcha_4173153349\" class=\"gglcptch_recaptcha\"><\/div>\n\t\t\t\t<noscript>\n\t\t\t\t\t<div style=\"width: 302px;\">\n\t\t\t\t\t\t<div style=\"width: 302px; height: 422px; position: relative;\">\n\t\t\t\t\t\t\t<div style=\"width: 302px; height: 422px; position: absolute;\">\n\t\t\t\t\t\t\t\t<iframe src=\"https:\/\/www.google.com\/recaptcha\/api\/fallback?k=6Le4-eQcAAAAAG9IBjJuF-s9SeXSM1AfCHt6kGxj\" frameborder=\"0\" scrolling=\"no\" style=\"width: 302px; height:422px; border-style: none;\"><\/iframe>\n\t\t\t\t\t\t\t<\/div>\n\t\t\t\t\t\t<\/div>\n\t\t\t\t\t\t<div style=\"border-style: none; bottom: 12px; left: 25px; margin: 0px; padding: 0px; right: 25px; background: #f9f9f9; border: 1px solid #c1c1c1; border-radius: 3px; height: 60px; width: 300px;\">\n\t\t\t\t\t\t\t<input type=\"hidden\" id=\"g-recaptcha-response\" name=\"g-recaptcha-response\" class=\"g-recaptcha-response\" style=\"width: 250px !important; height: 40px !important; border: 1px solid #c1c1c1 !important; margin: 10px 25px !important; padding: 0px !important; resize: none !important;\">\n\t\t\t\t\t\t<\/div>\n\t\t\t\t\t<\/div>\n\t\t\t\t<\/noscript><\/div>[:]<\/p>\n","protected":false},"excerpt":{"rendered":"<p>[:fr][:]<\/p>\n","protected":false},"author":1,"featured_media":0,"parent":0,"menu_order":0,"comment_status":"closed","ping_status":"closed","template":"contact.php","meta":{"ngg_post_thumbnail":0,"footnotes":""},"class_list":["post-38902","page","type-page","status-publish","hentry"],"yoast_head":"<!-- This site is optimized with the Yoast SEO plugin v27.0 - https:\/\/yoast.com\/product\/yoast-seo-wordpress\/ -->\n<title>COZYSTAY - Contact our agency<\/title>\n<meta name=\"description\" content=\"Do you want to buy, sell a property or need a seasonal rental on the French RIviera? Don&#039;t hesitate to contact us.\" \/>\n<meta name=\"robots\" content=\"index, follow, max-snippet:-1, max-image-preview:large, max-video-preview:-1\" \/>\n<link rel=\"canonical\" href=\"https:\/\/www.cozy-stay.com\/en\/contact-us\/\" \/>\n<meta property=\"og:locale\" content=\"en_US\" \/>\n<meta property=\"og:type\" content=\"article\" \/>\n<meta property=\"og:title\" content=\"COZYSTAY - Contact our agency\" \/>\n<meta property=\"og:description\" content=\"Do you want to buy, sell a property or need a seasonal rental on the French RIviera? Don&#039;t hesitate to contact us.\" \/>\n<meta property=\"og:url\" content=\"https:\/\/www.cozy-stay.com\/en\/contact-us\/\" \/>\n<meta property=\"og:site_name\" content=\"COZYSTAY - agence immobili\u00e8re - transaction immobili\u00e8re et location saisonni\u00e8re \u00e0 Cannes et sur la C\u00f4te d&#039;Azur\" \/>\n<meta property=\"article:publisher\" content=\"https:\/\/www.facebook.com\/cozystayriviera\" \/>\n<meta property=\"og:image\" content=\"https:\/\/www.cozy-stay.com\/wp-content\/uploads\/2021\/03\/Bandeau-Location.jpg\" \/>\n\t<meta property=\"og:image:width\" content=\"1600\" \/>\n\t<meta property=\"og:image:height\" content=\"1000\" \/>\n\t<meta property=\"og:image:type\" content=\"image\/jpeg\" \/>\n<meta name=\"twitter:card\" content=\"summary_large_image\" \/>\n<script type=\"application\/ld+json\" class=\"yoast-schema-graph\">{\"@context\":\"https:\/\/schema.org\",\"@graph\":[{\"@type\":\"WebPage\",\"@id\":\"https:\/\/www.cozy-stay.com\/en\/contact-us\/\",\"url\":\"https:\/\/www.cozy-stay.com\/en\/contact-us\/\",\"name\":\"COZYSTAY - Contact our agency\",\"isPartOf\":{\"@id\":\"https:\/\/www.cozy-stay.com\/en\/#website\"},\"datePublished\":\"2015-01-06T12:02:33+00:00\",\"description\":\"Do you want to buy, sell a property or need a seasonal rental on the French RIviera? Don't hesitate to contact us.\",\"breadcrumb\":{\"@id\":\"https:\/\/www.cozy-stay.com\/en\/contact-us\/#breadcrumb\"},\"inLanguage\":\"en-US\",\"potentialAction\":[{\"@type\":\"ReadAction\",\"target\":[\"https:\/\/www.cozy-stay.com\/en\/contact-us\/\"]}]},{\"@type\":\"BreadcrumbList\",\"@id\":\"https:\/\/www.cozy-stay.com\/en\/contact-us\/#breadcrumb\",\"itemListElement\":[{\"@type\":\"ListItem\",\"position\":1,\"name\":\"Accueil\",\"item\":\"https:\/\/www.cozy-stay.com\/en\/home\/\"},{\"@type\":\"ListItem\",\"position\":2,\"name\":\"Contact\"}]},{\"@type\":\"WebSite\",\"@id\":\"https:\/\/www.cozy-stay.com\/en\/#website\",\"url\":\"https:\/\/www.cozy-stay.com\/en\/\",\"name\":\"COZYSTAY - agence immobili\u00e8re - transaction immobili\u00e8re et location saisonni\u00e8re \u00e0 Cannes et sur la C\u00f4te d&#039;Azur\",\"description\":\"\",\"publisher\":{\"@id\":\"https:\/\/www.cozy-stay.com\/en\/#organization\"},\"potentialAction\":[{\"@type\":\"SearchAction\",\"target\":{\"@type\":\"EntryPoint\",\"urlTemplate\":\"https:\/\/www.cozy-stay.com\/en\/?s={search_term_string}\"},\"query-input\":{\"@type\":\"PropertyValueSpecification\",\"valueRequired\":true,\"valueName\":\"search_term_string\"}}],\"inLanguage\":\"en-US\"},{\"@type\":\"Organization\",\"@id\":\"https:\/\/www.cozy-stay.com\/en\/#organization\",\"name\":\"COZYSTAY\",\"url\":\"https:\/\/www.cozy-stay.com\/en\/\",\"logo\":{\"@type\":\"ImageObject\",\"inLanguage\":\"en-US\",\"@id\":\"https:\/\/www.cozy-stay.com\/en\/#\/schema\/logo\/image\/\",\"url\":\"https:\/\/www.cozy-stay.com\/wp-content\/uploads\/2021\/03\/COZYSTAY_@.jpg\",\"contentUrl\":\"https:\/\/www.cozy-stay.com\/wp-content\/uploads\/2021\/03\/COZYSTAY_@.jpg\",\"width\":2473,\"height\":690,\"caption\":\"COZYSTAY\"},\"image\":{\"@id\":\"https:\/\/www.cozy-stay.com\/en\/#\/schema\/logo\/image\/\"},\"sameAs\":[\"https:\/\/www.facebook.com\/cozystayriviera\",\"https:\/\/www.instagram.com\/cozystayriviera\"]}]}<\/script>\n<!-- \/ Yoast SEO plugin. -->","yoast_head_json":{"title":"COZYSTAY - Contact our agency","description":"Do you want to buy, sell a property or need a seasonal rental on the French RIviera? Don't hesitate to contact us.","robots":{"index":"index","follow":"follow","max-snippet":"max-snippet:-1","max-image-preview":"max-image-preview:large","max-video-preview":"max-video-preview:-1"},"canonical":"https:\/\/www.cozy-stay.com\/en\/contact-us\/","og_locale":"en_US","og_type":"article","og_title":"COZYSTAY - Contact our agency","og_description":"Do you want to buy, sell a property or need a seasonal rental on the French RIviera? Don't hesitate to contact us.","og_url":"https:\/\/www.cozy-stay.com\/en\/contact-us\/","og_site_name":"COZYSTAY - agence immobili\u00e8re - transaction immobili\u00e8re et location saisonni\u00e8re \u00e0 Cannes et sur la C\u00f4te d&#039;Azur","article_publisher":"https:\/\/www.facebook.com\/cozystayriviera","og_image":[{"width":1600,"height":1000,"url":"https:\/\/www.cozy-stay.com\/wp-content\/uploads\/2021\/03\/Bandeau-Location.jpg","type":"image\/jpeg"}],"twitter_card":"summary_large_image","schema":{"@context":"https:\/\/schema.org","@graph":[{"@type":"WebPage","@id":"https:\/\/www.cozy-stay.com\/en\/contact-us\/","url":"https:\/\/www.cozy-stay.com\/en\/contact-us\/","name":"COZYSTAY - Contact our agency","isPartOf":{"@id":"https:\/\/www.cozy-stay.com\/en\/#website"},"datePublished":"2015-01-06T12:02:33+00:00","description":"Do you want to buy, sell a property or need a seasonal rental on the French RIviera? Don't hesitate to contact us.","breadcrumb":{"@id":"https:\/\/www.cozy-stay.com\/en\/contact-us\/#breadcrumb"},"inLanguage":"en-US","potentialAction":[{"@type":"ReadAction","target":["https:\/\/www.cozy-stay.com\/en\/contact-us\/"]}]},{"@type":"BreadcrumbList","@id":"https:\/\/www.cozy-stay.com\/en\/contact-us\/#breadcrumb","itemListElement":[{"@type":"ListItem","position":1,"name":"Accueil","item":"https:\/\/www.cozy-stay.com\/en\/home\/"},{"@type":"ListItem","position":2,"name":"Contact"}]},{"@type":"WebSite","@id":"https:\/\/www.cozy-stay.com\/en\/#website","url":"https:\/\/www.cozy-stay.com\/en\/","name":"COZYSTAY - agence immobili\u00e8re - transaction immobili\u00e8re et location saisonni\u00e8re \u00e0 Cannes et sur la C\u00f4te d&#039;Azur","description":"","publisher":{"@id":"https:\/\/www.cozy-stay.com\/en\/#organization"},"potentialAction":[{"@type":"SearchAction","target":{"@type":"EntryPoint","urlTemplate":"https:\/\/www.cozy-stay.com\/en\/?s={search_term_string}"},"query-input":{"@type":"PropertyValueSpecification","valueRequired":true,"valueName":"search_term_string"}}],"inLanguage":"en-US"},{"@type":"Organization","@id":"https:\/\/www.cozy-stay.com\/en\/#organization","name":"COZYSTAY","url":"https:\/\/www.cozy-stay.com\/en\/","logo":{"@type":"ImageObject","inLanguage":"en-US","@id":"https:\/\/www.cozy-stay.com\/en\/#\/schema\/logo\/image\/","url":"https:\/\/www.cozy-stay.com\/wp-content\/uploads\/2021\/03\/COZYSTAY_@.jpg","contentUrl":"https:\/\/www.cozy-stay.com\/wp-content\/uploads\/2021\/03\/COZYSTAY_@.jpg","width":2473,"height":690,"caption":"COZYSTAY"},"image":{"@id":"https:\/\/www.cozy-stay.com\/en\/#\/schema\/logo\/image\/"},"sameAs":["https:\/\/www.facebook.com\/cozystayriviera","https:\/\/www.instagram.com\/cozystayriviera"]}]}},"_links":{"self":[{"href":"https:\/\/www.cozy-stay.com\/en\/wp-json\/wp\/v2\/pages\/38902","targetHints":{"allow":["GET"]}}],"collection":[{"href":"https:\/\/www.cozy-stay.com\/en\/wp-json\/wp\/v2\/pages"}],"about":[{"href":"https:\/\/www.cozy-stay.com\/en\/wp-json\/wp\/v2\/types\/page"}],"author":[{"embeddable":true,"href":"https:\/\/www.cozy-stay.com\/en\/wp-json\/wp\/v2\/users\/1"}],"replies":[{"embeddable":true,"href":"https:\/\/www.cozy-stay.com\/en\/wp-json\/wp\/v2\/comments?post=38902"}],"version-history":[{"count":0,"href":"https:\/\/www.cozy-stay.com\/en\/wp-json\/wp\/v2\/pages\/38902\/revisions"}],"wp:attachment":[{"href":"https:\/\/www.cozy-stay.com\/en\/wp-json\/wp\/v2\/media?parent=38902"}],"curies":[{"name":"wp","href":"https:\/\/api.w.org\/{rel}","templated":true}]}}