{"id":38890,"date":"2015-01-06T12:02:19","date_gmt":"2015-01-06T12:02:19","guid":{"rendered":"https:\/\/www.cozy-stay.com\/our-properties\/"},"modified":"2022-05-07T14:46:41","modified_gmt":"2022-05-07T14:46:41","slug":"our-seasonal-rental","status":"publish","type":"page","link":"https:\/\/www.cozy-stay.com\/en\/our-seasonal-rental\/","title":{"rendered":"Seasonal rental"},"content":{"rendered":"<h2>Properties of character for an <em>unforgettable<\/em> stay<\/h2>\n<div class=\"columns\">\n<p>COZYSTAY offers houses and apartments with character for an unforgettable stay. From the reception to the welcome basket, we will take special care to make your stay a unique moment. And, to make your nights a privileged moment of well-being and rest, we offer quality household linen.<\/p>\n<p>For leisure tourism and for business tourism&#8230; Have the COZYSTAY reflex. Let yourself be charmed by our selection, prepare your suitcases, we take care of the rest. You want a tailor-made stay, our attentive and available team will be at your disposal to meet your needs. COZYSTAY offers a range of services to make your stay more enjoyable.<\/p>\n<\/div>\n","protected":false},"excerpt":{"rendered":"<p>Properties of character for an unforgettable stay COZYSTAY offers houses and apartments with character for an unforgettable stay. From the &hellip; <a href=\"https:\/\/www.cozy-stay.com\/en\/our-seasonal-rental\/\" class=\"more-link\">Continue reading <span class=\"screen-reader-text\">Seasonal rental<\/span> <span class=\"meta-nav\">&rarr;<\/span><\/a><\/p>\n","protected":false},"author":1,"featured_media":36484,"parent":0,"menu_order":0,"comment_status":"closed","ping_status":"closed","template":"biensimmo.php","meta":{"ngg_post_thumbnail":0,"footnotes":""},"class_list":["post-38890","page","type-page","status-publish","has-post-thumbnail","hentry"],"yoast_head":"<!-- This site is optimized with the Yoast SEO plugin v27.0 - https:\/\/yoast.com\/product\/yoast-seo-wordpress\/ -->\n<title>COZYSTAY - Our properties for seasonal rental on the French Riviera<\/title>\n<meta name=\"description\" content=\"We offer houses and apartments of character for seasonal rental for an unforgettable stay. From Cannes to Villefranche-sur-Mer, find the ideal property in the French Riviera\" \/>\n<meta name=\"robots\" content=\"index, follow, max-snippet:-1, max-image-preview:large, max-video-preview:-1\" \/>\n<link rel=\"canonical\" href=\"https:\/\/www.cozy-stay.com\/en\/our-seasonal-rental\/\" \/>\n<meta property=\"og:locale\" content=\"en_US\" \/>\n<meta property=\"og:type\" content=\"article\" \/>\n<meta property=\"og:title\" content=\"COZYSTAY - Our properties for seasonal rental on the French Riviera\" \/>\n<meta property=\"og:description\" content=\"We offer houses and apartments of character for seasonal rental for an unforgettable stay. From Cannes to Villefranche-sur-Mer, find the ideal property in the French Riviera\" \/>\n<meta property=\"og:url\" content=\"https:\/\/www.cozy-stay.com\/en\/our-seasonal-rental\/\" \/>\n<meta property=\"og:site_name\" content=\"COZYSTAY - agence immobili\u00e8re - transaction immobili\u00e8re et location saisonni\u00e8re \u00e0 Cannes et sur la C\u00f4te d&#039;Azur\" \/>\n<meta property=\"article:publisher\" content=\"https:\/\/www.facebook.com\/cozystayriviera\" \/>\n<meta property=\"article:modified_time\" content=\"2022-05-07T14:46:41+00:00\" \/>\n<meta property=\"og:image\" content=\"https:\/\/www.cozy-stay.com\/wp-content\/uploads\/2021\/03\/Bandeau-Location.jpg\" \/>\n\t<meta property=\"og:image:width\" content=\"1600\" \/>\n\t<meta property=\"og:image:height\" content=\"1000\" \/>\n\t<meta property=\"og:image:type\" content=\"image\/jpeg\" \/>\n<meta name=\"twitter:card\" content=\"summary_large_image\" \/>\n<meta name=\"twitter:label1\" content=\"Est. reading time\" \/>\n\t<meta name=\"twitter:data1\" content=\"1 minute\" \/>\n<script type=\"application\/ld+json\" class=\"yoast-schema-graph\">{\"@context\":\"https:\/\/schema.org\",\"@graph\":[{\"@type\":\"WebPage\",\"@id\":\"https:\/\/www.cozy-stay.com\/en\/our-seasonal-rental\/\",\"url\":\"https:\/\/www.cozy-stay.com\/en\/our-seasonal-rental\/\",\"name\":\"COZYSTAY - Our properties for seasonal rental on the French Riviera\",\"isPartOf\":{\"@id\":\"https:\/\/www.cozy-stay.com\/en\/#website\"},\"primaryImageOfPage\":{\"@id\":\"https:\/\/www.cozy-stay.com\/en\/our-seasonal-rental\/#primaryimage\"},\"image\":{\"@id\":\"https:\/\/www.cozy-stay.com\/en\/our-seasonal-rental\/#primaryimage\"},\"thumbnailUrl\":\"https:\/\/www.cozy-stay.com\/wp-content\/uploads\/2021\/03\/Bandeau-Location.jpg\",\"datePublished\":\"2015-01-06T12:02:19+00:00\",\"dateModified\":\"2022-05-07T14:46:41+00:00\",\"description\":\"We offer houses and apartments of character for seasonal rental for an unforgettable stay. From Cannes to Villefranche-sur-Mer, find the ideal property in the French Riviera\",\"breadcrumb\":{\"@id\":\"https:\/\/www.cozy-stay.com\/en\/our-seasonal-rental\/#breadcrumb\"},\"inLanguage\":\"en-US\",\"potentialAction\":[{\"@type\":\"ReadAction\",\"target\":[\"https:\/\/www.cozy-stay.com\/en\/our-seasonal-rental\/\"]}]},{\"@type\":\"ImageObject\",\"inLanguage\":\"en-US\",\"@id\":\"https:\/\/www.cozy-stay.com\/en\/our-seasonal-rental\/#primaryimage\",\"url\":\"https:\/\/www.cozy-stay.com\/wp-content\/uploads\/2021\/03\/Bandeau-Location.jpg\",\"contentUrl\":\"https:\/\/www.cozy-stay.com\/wp-content\/uploads\/2021\/03\/Bandeau-Location.jpg\",\"width\":1600,\"height\":1000},{\"@type\":\"BreadcrumbList\",\"@id\":\"https:\/\/www.cozy-stay.com\/en\/our-seasonal-rental\/#breadcrumb\",\"itemListElement\":[{\"@type\":\"ListItem\",\"position\":1,\"name\":\"Accueil\",\"item\":\"https:\/\/www.cozy-stay.com\/en\/home\/\"},{\"@type\":\"ListItem\",\"position\":2,\"name\":\"Seasonal rental\"}]},{\"@type\":\"WebSite\",\"@id\":\"https:\/\/www.cozy-stay.com\/en\/#website\",\"url\":\"https:\/\/www.cozy-stay.com\/en\/\",\"name\":\"COZYSTAY - agence immobili\u00e8re - transaction immobili\u00e8re et location saisonni\u00e8re \u00e0 Cannes et sur la C\u00f4te d&#039;Azur\",\"description\":\"\",\"publisher\":{\"@id\":\"https:\/\/www.cozy-stay.com\/en\/#organization\"},\"potentialAction\":[{\"@type\":\"SearchAction\",\"target\":{\"@type\":\"EntryPoint\",\"urlTemplate\":\"https:\/\/www.cozy-stay.com\/en\/?s={search_term_string}\"},\"query-input\":{\"@type\":\"PropertyValueSpecification\",\"valueRequired\":true,\"valueName\":\"search_term_string\"}}],\"inLanguage\":\"en-US\"},{\"@type\":\"Organization\",\"@id\":\"https:\/\/www.cozy-stay.com\/en\/#organization\",\"name\":\"COZYSTAY\",\"url\":\"https:\/\/www.cozy-stay.com\/en\/\",\"logo\":{\"@type\":\"ImageObject\",\"inLanguage\":\"en-US\",\"@id\":\"https:\/\/www.cozy-stay.com\/en\/#\/schema\/logo\/image\/\",\"url\":\"https:\/\/www.cozy-stay.com\/wp-content\/uploads\/2021\/03\/COZYSTAY_@.jpg\",\"contentUrl\":\"https:\/\/www.cozy-stay.com\/wp-content\/uploads\/2021\/03\/COZYSTAY_@.jpg\",\"width\":2473,\"height\":690,\"caption\":\"COZYSTAY\"},\"image\":{\"@id\":\"https:\/\/www.cozy-stay.com\/en\/#\/schema\/logo\/image\/\"},\"sameAs\":[\"https:\/\/www.facebook.com\/cozystayriviera\",\"https:\/\/www.instagram.com\/cozystayriviera\"]}]}<\/script>\n<!-- \/ Yoast SEO plugin. -->","yoast_head_json":{"title":"COZYSTAY - Our properties for seasonal rental on the French Riviera","description":"We offer houses and apartments of character for seasonal rental for an unforgettable stay. From Cannes to Villefranche-sur-Mer, find the ideal property in the French Riviera","robots":{"index":"index","follow":"follow","max-snippet":"max-snippet:-1","max-image-preview":"max-image-preview:large","max-video-preview":"max-video-preview:-1"},"canonical":"https:\/\/www.cozy-stay.com\/en\/our-seasonal-rental\/","og_locale":"en_US","og_type":"article","og_title":"COZYSTAY - Our properties for seasonal rental on the French Riviera","og_description":"We offer houses and apartments of character for seasonal rental for an unforgettable stay. From Cannes to Villefranche-sur-Mer, find the ideal property in the French Riviera","og_url":"https:\/\/www.cozy-stay.com\/en\/our-seasonal-rental\/","og_site_name":"COZYSTAY - agence immobili\u00e8re - transaction immobili\u00e8re et location saisonni\u00e8re \u00e0 Cannes et sur la C\u00f4te d&#039;Azur","article_publisher":"https:\/\/www.facebook.com\/cozystayriviera","article_modified_time":"2022-05-07T14:46:41+00:00","og_image":[{"width":1600,"height":1000,"url":"https:\/\/www.cozy-stay.com\/wp-content\/uploads\/2021\/03\/Bandeau-Location.jpg","type":"image\/jpeg"}],"twitter_card":"summary_large_image","twitter_misc":{"Est. reading time":"1 minute"},"schema":{"@context":"https:\/\/schema.org","@graph":[{"@type":"WebPage","@id":"https:\/\/www.cozy-stay.com\/en\/our-seasonal-rental\/","url":"https:\/\/www.cozy-stay.com\/en\/our-seasonal-rental\/","name":"COZYSTAY - Our properties for seasonal rental on the French Riviera","isPartOf":{"@id":"https:\/\/www.cozy-stay.com\/en\/#website"},"primaryImageOfPage":{"@id":"https:\/\/www.cozy-stay.com\/en\/our-seasonal-rental\/#primaryimage"},"image":{"@id":"https:\/\/www.cozy-stay.com\/en\/our-seasonal-rental\/#primaryimage"},"thumbnailUrl":"https:\/\/www.cozy-stay.com\/wp-content\/uploads\/2021\/03\/Bandeau-Location.jpg","datePublished":"2015-01-06T12:02:19+00:00","dateModified":"2022-05-07T14:46:41+00:00","description":"We offer houses and apartments of character for seasonal rental for an unforgettable stay. From Cannes to Villefranche-sur-Mer, find the ideal property in the French Riviera","breadcrumb":{"@id":"https:\/\/www.cozy-stay.com\/en\/our-seasonal-rental\/#breadcrumb"},"inLanguage":"en-US","potentialAction":[{"@type":"ReadAction","target":["https:\/\/www.cozy-stay.com\/en\/our-seasonal-rental\/"]}]},{"@type":"ImageObject","inLanguage":"en-US","@id":"https:\/\/www.cozy-stay.com\/en\/our-seasonal-rental\/#primaryimage","url":"https:\/\/www.cozy-stay.com\/wp-content\/uploads\/2021\/03\/Bandeau-Location.jpg","contentUrl":"https:\/\/www.cozy-stay.com\/wp-content\/uploads\/2021\/03\/Bandeau-Location.jpg","width":1600,"height":1000},{"@type":"BreadcrumbList","@id":"https:\/\/www.cozy-stay.com\/en\/our-seasonal-rental\/#breadcrumb","itemListElement":[{"@type":"ListItem","position":1,"name":"Accueil","item":"https:\/\/www.cozy-stay.com\/en\/home\/"},{"@type":"ListItem","position":2,"name":"Seasonal rental"}]},{"@type":"WebSite","@id":"https:\/\/www.cozy-stay.com\/en\/#website","url":"https:\/\/www.cozy-stay.com\/en\/","name":"COZYSTAY - agence immobili\u00e8re - transaction immobili\u00e8re et location saisonni\u00e8re \u00e0 Cannes et sur la C\u00f4te d&#039;Azur","description":"","publisher":{"@id":"https:\/\/www.cozy-stay.com\/en\/#organization"},"potentialAction":[{"@type":"SearchAction","target":{"@type":"EntryPoint","urlTemplate":"https:\/\/www.cozy-stay.com\/en\/?s={search_term_string}"},"query-input":{"@type":"PropertyValueSpecification","valueRequired":true,"valueName":"search_term_string"}}],"inLanguage":"en-US"},{"@type":"Organization","@id":"https:\/\/www.cozy-stay.com\/en\/#organization","name":"COZYSTAY","url":"https:\/\/www.cozy-stay.com\/en\/","logo":{"@type":"ImageObject","inLanguage":"en-US","@id":"https:\/\/www.cozy-stay.com\/en\/#\/schema\/logo\/image\/","url":"https:\/\/www.cozy-stay.com\/wp-content\/uploads\/2021\/03\/COZYSTAY_@.jpg","contentUrl":"https:\/\/www.cozy-stay.com\/wp-content\/uploads\/2021\/03\/COZYSTAY_@.jpg","width":2473,"height":690,"caption":"COZYSTAY"},"image":{"@id":"https:\/\/www.cozy-stay.com\/en\/#\/schema\/logo\/image\/"},"sameAs":["https:\/\/www.facebook.com\/cozystayriviera","https:\/\/www.instagram.com\/cozystayriviera"]}]}},"_links":{"self":[{"href":"https:\/\/www.cozy-stay.com\/en\/wp-json\/wp\/v2\/pages\/38890","targetHints":{"allow":["GET"]}}],"collection":[{"href":"https:\/\/www.cozy-stay.com\/en\/wp-json\/wp\/v2\/pages"}],"about":[{"href":"https:\/\/www.cozy-stay.com\/en\/wp-json\/wp\/v2\/types\/page"}],"author":[{"embeddable":true,"href":"https:\/\/www.cozy-stay.com\/en\/wp-json\/wp\/v2\/users\/1"}],"replies":[{"embeddable":true,"href":"https:\/\/www.cozy-stay.com\/en\/wp-json\/wp\/v2\/comments?post=38890"}],"version-history":[{"count":0,"href":"https:\/\/www.cozy-stay.com\/en\/wp-json\/wp\/v2\/pages\/38890\/revisions"}],"wp:featuredmedia":[{"embeddable":true,"href":"https:\/\/www.cozy-stay.com\/en\/wp-json\/wp\/v2\/media\/36484"}],"wp:attachment":[{"href":"https:\/\/www.cozy-stay.com\/en\/wp-json\/wp\/v2\/media?parent=38890"}],"curies":[{"name":"wp","href":"https:\/\/api.w.org\/{rel}","templated":true}]}}